{"id":1034,"date":"2022-02-18T18:29:20","date_gmt":"2022-02-18T17:29:20","guid":{"rendered":"https:\/\/reika-gmbh.de\/zone-de-telechargement\/"},"modified":"2025-09-12T11:55:44","modified_gmt":"2025-09-12T10:55:44","slug":"zone-de-telechargement","status":"publish","type":"page","link":"https:\/\/reika-gmbh.de\/fr\/zone-de-telechargement\/","title":{"rendered":"Zone de t\u00e9l\u00e9chargement"},"content":{"rendered":"<div class=\"wpb-content-wrapper\"><p>[vc_row row_height_percent=\u00a0\u00bb0&Prime; override_padding=\u00a0\u00bbyes\u00a0\u00bb h_padding=\u00a0\u00bb2&Prime; top_padding=\u00a0\u00bb4&Prime; bottom_padding=\u00a0\u00bb2&Prime; back_color=\u00a0\u00bbcolor-109757&Prime; overlay_alpha=\u00a0\u00bb50&Prime; equal_height=\u00a0\u00bbyes\u00a0\u00bb gutter_size=\u00a0\u00bb1&Prime; column_width_percent=\u00a0\u00bb100&Prime; border_color=\u00a0\u00bbcolor-xsdn\u00a0\u00bb border_style=\u00a0\u00bbsolid\u00a0\u00bb shift_y=\u00a0\u00bb0&Prime; z_index=\u00a0\u00bb0&Prime; uncode_shortcode_id=\u00a0\u00bb208724&Prime; border_color_type=\u00a0\u00bbuncode-palette\u00a0\u00bb back_color_type=\u00a0\u00bbuncode-palette\u00a0\u00bb][vc_column column_width_percent=\u00a0\u00bb100&Prime; gutter_size=\u00a0\u00bb3&Prime; style=\u00a0\u00bbdark\u00a0\u00bb back_color=\u00a0\u00bbcolor-148779&Prime; overlay_alpha=\u00a0\u00bb50&Prime; border_color=\u00a0\u00bbcolor-xsdn\u00a0\u00bb border_style=\u00a0\u00bbsolid\u00a0\u00bb shift_x=\u00a0\u00bb0&Prime; shift_y=\u00a0\u00bb0&Prime; shift_y_down=\u00a0\u00bb0&Prime; z_index=\u00a0\u00bb0&Prime; medium_width=\u00a0\u00bb0&Prime; mobile_width=\u00a0\u00bb0&Prime; width=\u00a0\u00bb1\/2&Prime; uncode_shortcode_id=\u00a0\u00bb235408&Prime; back_color_type=\u00a0\u00bbuncode-palette\u00a0\u00bb border_color_type=\u00a0\u00bbuncode-palette\u00a0\u00bb][vc_custom_heading heading_semantic=\u00a0\u00bbh3&Prime; text_size=\u00a0\u00bbh1&Prime; uncode_shortcode_id=\u00a0\u00bb143651&Prime;]Certificats de contr\u00f4le[\/vc_custom_heading][vc_column_text text_lead=\u00a0\u00bbyes\u00a0\u00bb uncode_shortcode_id=\u00a0\u00bb982791&Prime;]T\u00e9l\u00e9chargez ici nos certificats de contr\u00f4le et assurez-vous de l&rsquo;excellente qualit\u00e9 de nos produits.[\/vc_column_text][\/vc_column][vc_column column_width_use_pixel=\u00a0\u00bbyes\u00a0\u00bb gutter_size=\u00a0\u00bb3&Prime; style=\u00a0\u00bbdark\u00a0\u00bb back_color=\u00a0\u00bbcolor-148779&Prime; overlay_alpha=\u00a0\u00bb50&Prime; shift_x=\u00a0\u00bb0&Prime; shift_y=\u00a0\u00bb0&Prime; shift_y_down=\u00a0\u00bb0&Prime; z_index=\u00a0\u00bb0&Prime; medium_width=\u00a0\u00bb0&Prime; mobile_width=\u00a0\u00bb0&Prime; width=\u00a0\u00bb1\/2&Prime; uncode_shortcode_id=\u00a0\u00bb157143&Prime; column_width_pixel=\u00a0\u00bb900&Prime; back_color_type=\u00a0\u00bbuncode-palette\u00a0\u00bb][vc_column_text uncode_shortcode_id=\u00a0\u00bb145300&Prime;]<a href=\"https:\/\/reika-gmbh.de\/wp-content\/uploads\/NBR_P_447-60_DVGW_Zertifikat_DIN_EN_549.pdf\" target=\"_blank\" rel=\"noopener\">NBR P 447-60 DVGW Certificat DIN EN 549<\/a><br \/>\n<a href=\"https:\/\/reika-gmbh.de\/wp-content\/uploads\/HNBR_T424-60_DVGW_Zertifikat_DIN_EN%20549.pdf\" target=\"_blank\" rel=\"noopener\">HNBR T424-60 DVGW Certificat DIN EN 549<\/a><br \/>\n<a href=\"https:\/\/reika-gmbh.de\/wp-content\/uploads\/EPDM_K301-50_DVGW_Zertifikat_DIN_EN14241-1.pdf\" target=\"_blank\" rel=\"noopener\">EPDM K301-50 DVGW Certificat DIN EN14241-1<\/a><br \/>\n<a href=\"https:\/\/reika-gmbh.de\/wp-content\/uploads\/EPDM_K404-60_DVGW_Zertifikat_DIN_EN14241-1.pdf\" target=\"_blank\" rel=\"noopener\">EPDM K404-60 DVGW Certificat DIN EN14241-1<\/a><br \/>\n<a href=\"https:\/\/reika-gmbh.de\/wp-content\/uploads\/VMQ_Si_402-60_DVGW_Zertifikat_DIN_EN%20549.pdf\" target=\"_blank\" rel=\"noopener\">VMQ Si 402-60 DVGW Certificat DIN EN 549<\/a><br \/>\n<a href=\"https:\/\/reika-gmbh.de\/wp-content\/uploads\/90361-100-FR-Zert.pdf\" target=\"_blank\" rel=\"noopener\">ISO 9001:2015<\/a><br \/>\n<a href=\"https:\/\/reika-gmbh.de\/wp-content\/uploads\/14001-2015-EN.pdf\" target=\"_blank\" rel=\"noopener\">ISO 14001:2015<\/a>[\/vc_column_text][\/vc_column][\/vc_row][vc_row row_height_percent=\u00a0\u00bb0&Prime; override_padding=\u00a0\u00bbyes\u00a0\u00bb h_padding=\u00a0\u00bb2&Prime; top_padding=\u00a0\u00bb5&Prime; bottom_padding=\u00a0\u00bb5&Prime; back_color=\u00a0\u00bbcolor-109757&Prime; overlay_alpha=\u00a0\u00bb49&Prime; equal_height=\u00a0\u00bbyes\u00a0\u00bb gutter_size=\u00a0\u00bb4&Prime; column_width_percent=\u00a0\u00bb100&Prime; border_color=\u00a0\u00bbcolor-722924&Prime; border_style=\u00a0\u00bbsolid\u00a0\u00bb shift_y=\u00a0\u00bb0&Prime; z_index=\u00a0\u00bb0&Prime; uncode_shortcode_id=\u00a0\u00bb109495&Prime; row_name=\u00a0\u00bbKontakt\u00a0\u00bb back_color_type=\u00a0\u00bbuncode-palette\u00a0\u00bb border_color_type=\u00a0\u00bbuncode-palette\u00a0\u00bb][vc_column column_width_use_pixel=\u00a0\u00bbyes\u00a0\u00bb position_vertical=\u00a0\u00bbmiddle\u00a0\u00bb align_horizontal=\u00a0\u00bbalign_center\u00a0\u00bb gutter_size=\u00a0\u00bb3&Prime; style=\u00a0\u00bbdark\u00a0\u00bb overlay_alpha=\u00a0\u00bb50&Prime; shift_x=\u00a0\u00bb0&Prime; shift_y=\u00a0\u00bb0&Prime; shift_y_down=\u00a0\u00bb0&Prime; z_index=\u00a0\u00bb0&Prime; medium_width=\u00a0\u00bb0&Prime; mobile_width=\u00a0\u00bb0&Prime; width=\u00a0\u00bb1\/1&Prime; column_width_pixel=\u00a0\u00bb900&Prime; uncode_shortcode_id=\u00a0\u00bb136930&Prime;][vc_custom_heading heading_semantic=\u00a0\u00bbh3&Prime; text_size=\u00a0\u00bbfontsize-937392&Prime; uncode_shortcode_id=\u00a0\u00bb816865&Prime;]Vous cherchez un partenaire pour votre application ?[\/vc_custom_heading][vc_column_text text_lead=\u00a0\u00bbyes\u00a0\u00bb uncode_shortcode_id=\u00a0\u00bb147555&Prime;]Ecrivez-nous ou appelez-nous tout simplement.[\/vc_column_text][vc_row_inner][vc_column_inner column_width_percent=\u00a0\u00bb100&Prime; align_horizontal=\u00a0\u00bbalign_right\u00a0\u00bb gutter_size=\u00a0\u00bb3&Prime; overlay_alpha=\u00a0\u00bb50&Prime; shift_x=\u00a0\u00bb0&Prime; shift_y=\u00a0\u00bb0&Prime; shift_y_down=\u00a0\u00bb0&Prime; z_index=\u00a0\u00bb0&Prime; medium_width=\u00a0\u00bb4&Prime; align_mobile=\u00a0\u00bbalign_center_mobile\u00a0\u00bb mobile_width=\u00a0\u00bb0&Prime; width=\u00a0\u00bb1\/2&Prime;][vc_button button_color=\u00a0\u00bbcolor-148779&Prime; border_width=\u00a0\u00bb0&Prime; scale_mobile=\u00a0\u00bbno\u00a0\u00bb link=\u00a0\u00bburl:mailto%3Areichenbach%40reika-gmbh.de|\u00a0\u00bb button_color_type=\u00a0\u00bbuncode-palette\u00a0\u00bb uncode_shortcode_id=\u00a0\u00bb119930&Prime;]reichenbach@reika-gmbh.de[\/vc_button][\/vc_column_inner][vc_column_inner column_width_percent=\u00a0\u00bb100&Prime; gutter_size=\u00a0\u00bb3&Prime; overlay_alpha=\u00a0\u00bb50&Prime; shift_x=\u00a0\u00bb0&Prime; shift_y=\u00a0\u00bb0&Prime; shift_y_down=\u00a0\u00bb0&Prime; z_index=\u00a0\u00bb0&Prime; medium_width=\u00a0\u00bb4&Prime; align_mobile=\u00a0\u00bbalign_center_mobile\u00a0\u00bb mobile_width=\u00a0\u00bb0&Prime; width=\u00a0\u00bb1\/2&Prime;][vc_button button_color=\u00a0\u00bbcolor-148779&Prime; border_width=\u00a0\u00bb0&Prime; scale_mobile=\u00a0\u00bbno\u00a0\u00bb link=\u00a0\u00bburl:tel%3A%2B49724592650|target:_blank|\u00a0\u00bb button_color_type=\u00a0\u00bbuncode-palette\u00a0\u00bb uncode_shortcode_id=\u00a0\u00bb168391&Prime;]+49 72 45 92 65 0[\/vc_button][\/vc_column_inner][\/vc_row_inner][\/vc_column][\/vc_row][vc_row unlock_row_content=\u00a0\u00bbyes\u00a0\u00bb row_height_percent=\u00a0\u00bb0&Prime; override_padding=\u00a0\u00bbyes\u00a0\u00bb h_padding=\u00a0\u00bb0&Prime; top_padding=\u00a0\u00bb0&Prime; bottom_padding=\u00a0\u00bb0&Prime; back_color=\u00a0\u00bbcolor-109757&Prime; overlay_alpha=\u00a0\u00bb96&Prime; equal_height=\u00a0\u00bbyes\u00a0\u00bb gutter_size=\u00a0\u00bb4&Prime; column_width_percent=\u00a0\u00bb100&Prime; border_color=\u00a0\u00bbcolor-722924&Prime; border_style=\u00a0\u00bbsolid\u00a0\u00bb shift_y=\u00a0\u00bb0&Prime; z_index=\u00a0\u00bb0&Prime; uncode_shortcode_id=\u00a0\u00bb196052&Prime; row_name=\u00a0\u00bbKontakt\u00a0\u00bb back_color_type=\u00a0\u00bbuncode-palette\u00a0\u00bb border_color_type=\u00a0\u00bbuncode-palette\u00a0\u00bb][vc_column column_width_percent=\u00a0\u00bb100&Prime; position_vertical=\u00a0\u00bbmiddle\u00a0\u00bb align_horizontal=\u00a0\u00bbalign_center\u00a0\u00bb gutter_size=\u00a0\u00bb3&Prime; style=\u00a0\u00bbdark\u00a0\u00bb overlay_alpha=\u00a0\u00bb50&Prime; shift_x=\u00a0\u00bb0&Prime; shift_y=\u00a0\u00bb0&Prime; shift_y_down=\u00a0\u00bb0&Prime; z_index=\u00a0\u00bb0&Prime; medium_width=\u00a0\u00bb0&Prime; mobile_width=\u00a0\u00bb0&Prime; width=\u00a0\u00bb1\/1&Prime; uncode_shortcode_id=\u00a0\u00bb377580&Prime;][vc_gallery el_id=\u00a0\u00bbgallery-630130&Prime; isotope_mode=\u00a0\u00bbcellsByRow\u00a0\u00bb medias=\u00a0\u00bb867,861,855,843,819,825&Prime; gutter_size=\u00a0\u00bb1&Prime; screen_lg=\u00a0\u00bb1000&Prime; screen_md=\u00a0\u00bb600&Prime; screen_sm=\u00a0\u00bb100&Prime; single_width=\u00a0\u00bb2&Prime; single_overlay_opacity=\u00a0\u00bb50&Prime; single_padding=\u00a0\u00bb2&Prime; single_border=\u00a0\u00bbyes\u00a0\u00bb uncode_shortcode_id=\u00a0\u00bb340978&Prime;][\/vc_column][\/vc_row]<\/p>\n<\/div>","protected":false},"excerpt":{"rendered":"<p>[vc_row row_height_percent=\u00a0\u00bb0&Prime; override_padding=\u00a0\u00bbyes\u00a0\u00bb h_padding=\u00a0\u00bb2&Prime; top_padding=\u00a0\u00bb4&Prime; bottom_padding=\u00a0\u00bb2&Prime; back_color=\u00a0\u00bbcolor-109757&Prime; overlay_alpha=\u00a0\u00bb50&Prime; equal_height=\u00a0\u00bbyes\u00a0\u00bb gutter_size=\u00a0\u00bb1&Prime; column_width_percent=\u00a0\u00bb100&Prime; border_color=\u00a0\u00bbcolor-xsdn\u00a0\u00bb border_style=\u00a0\u00bbsolid\u00a0\u00bb shift_y=\u00a0\u00bb0&Prime; z_index=\u00a0\u00bb0&Prime; uncode_shortcode_id=\u00a0\u00bb208724&Prime; border_color_type=\u00a0\u00bbuncode-palette\u00a0\u00bb back_color_type=\u00a0\u00bbuncode-palette\u00a0\u00bb][vc_column column_width_percent=\u00a0\u00bb100&Prime; gutter_size=\u00a0\u00bb3&Prime; [&hellip;]<\/p>\n","protected":false},"author":1,"featured_media":821,"parent":0,"menu_order":0,"comment_status":"closed","ping_status":"closed","template":"","meta":{"footnotes":""},"class_list":["post-1034","page","type-page","status-publish","has-post-thumbnail","hentry"],"yoast_head":"<!-- This site is optimized with the Yoast SEO plugin v27.3 - https:\/\/yoast.com\/product\/yoast-seo-wordpress\/ -->\n<title>Tested elastomer technology from Karlsruhe<\/title>\n<meta name=\"description\" content=\"Faites confiance \u00e0 la technologie \u00e9prouv\u00e9e des \u00e9lastom\u00e8res de Karlsruhe. Demandez d\u00e8s maintenant votre application !\" \/>\n<meta name=\"robots\" content=\"index, follow, max-snippet:-1, max-image-preview:large, max-video-preview:-1\" \/>\n<link rel=\"canonical\" href=\"https:\/\/reika-gmbh.de\/fr\/zone-de-telechargement\/\" \/>\n<meta property=\"og:locale\" content=\"fr_FR\" \/>\n<meta property=\"og:type\" content=\"article\" \/>\n<meta property=\"og:title\" content=\"Tested elastomer technology from Karlsruhe\" \/>\n<meta property=\"og:description\" content=\"Faites confiance \u00e0 la technologie \u00e9prouv\u00e9e des \u00e9lastom\u00e8res de Karlsruhe. Demandez d\u00e8s maintenant votre application !\" \/>\n<meta property=\"og:url\" content=\"https:\/\/reika-gmbh.de\/fr\/zone-de-telechargement\/\" \/>\n<meta property=\"og:site_name\" content=\"Reika Elastomertechnik\" \/>\n<meta property=\"article:modified_time\" content=\"2025-09-12T10:55:44+00:00\" \/>\n<meta property=\"og:image\" content=\"https:\/\/reika-gmbh.de\/wp-content\/uploads\/2022\/02\/www.jensarbogast.de-_AB26367.jpg\" \/>\n\t<meta property=\"og:image:width\" content=\"2048\" \/>\n\t<meta property=\"og:image:height\" content=\"1366\" \/>\n\t<meta property=\"og:image:type\" content=\"image\/jpeg\" \/>\n<meta name=\"twitter:card\" content=\"summary_large_image\" \/>\n<meta name=\"twitter:label1\" content=\"Dur\u00e9e de lecture estim\u00e9e\" \/>\n\t<meta name=\"twitter:data1\" content=\"3 minutes\" \/>\n<script type=\"application\/ld+json\" class=\"yoast-schema-graph\">{\"@context\":\"https:\\\/\\\/schema.org\",\"@graph\":[{\"@type\":\"WebPage\",\"@id\":\"https:\\\/\\\/reika-gmbh.de\\\/fr\\\/zone-de-telechargement\\\/\",\"url\":\"https:\\\/\\\/reika-gmbh.de\\\/fr\\\/zone-de-telechargement\\\/\",\"name\":\"Tested elastomer technology from Karlsruhe\",\"isPartOf\":{\"@id\":\"https:\\\/\\\/reika-gmbh.de\\\/#website\"},\"primaryImageOfPage\":{\"@id\":\"https:\\\/\\\/reika-gmbh.de\\\/fr\\\/zone-de-telechargement\\\/#primaryimage\"},\"image\":{\"@id\":\"https:\\\/\\\/reika-gmbh.de\\\/fr\\\/zone-de-telechargement\\\/#primaryimage\"},\"thumbnailUrl\":\"https:\\\/\\\/reika-gmbh.de\\\/wp-content\\\/uploads\\\/2022\\\/02\\\/www.jensarbogast.de-_AB26367.jpg\",\"datePublished\":\"2022-02-18T17:29:20+00:00\",\"dateModified\":\"2025-09-12T10:55:44+00:00\",\"description\":\"Faites confiance \u00e0 la technologie \u00e9prouv\u00e9e des \u00e9lastom\u00e8res de Karlsruhe. Demandez d\u00e8s maintenant votre application !\",\"breadcrumb\":{\"@id\":\"https:\\\/\\\/reika-gmbh.de\\\/fr\\\/zone-de-telechargement\\\/#breadcrumb\"},\"inLanguage\":\"fr-FR\",\"potentialAction\":[{\"@type\":\"ReadAction\",\"target\":[\"https:\\\/\\\/reika-gmbh.de\\\/fr\\\/zone-de-telechargement\\\/\"]}]},{\"@type\":\"ImageObject\",\"inLanguage\":\"fr-FR\",\"@id\":\"https:\\\/\\\/reika-gmbh.de\\\/fr\\\/zone-de-telechargement\\\/#primaryimage\",\"url\":\"https:\\\/\\\/reika-gmbh.de\\\/wp-content\\\/uploads\\\/2022\\\/02\\\/www.jensarbogast.de-_AB26367.jpg\",\"contentUrl\":\"https:\\\/\\\/reika-gmbh.de\\\/wp-content\\\/uploads\\\/2022\\\/02\\\/www.jensarbogast.de-_AB26367.jpg\",\"width\":2048,\"height\":1366},{\"@type\":\"BreadcrumbList\",\"@id\":\"https:\\\/\\\/reika-gmbh.de\\\/fr\\\/zone-de-telechargement\\\/#breadcrumb\",\"itemListElement\":[{\"@type\":\"ListItem\",\"position\":1,\"name\":\"Startseite\",\"item\":\"https:\\\/\\\/reika-gmbh.de\\\/fr\\\/nous-moulons-pour-materialiser-votre-fonction\\\/\"},{\"@type\":\"ListItem\",\"position\":2,\"name\":\"Zone de t\u00e9l\u00e9chargement\"}]},{\"@type\":\"WebSite\",\"@id\":\"https:\\\/\\\/reika-gmbh.de\\\/#website\",\"url\":\"https:\\\/\\\/reika-gmbh.de\\\/\",\"name\":\"Reika Elastomertechnik\",\"description\":\"Wir Formen f\u00fcr Ihre Funktion.\",\"potentialAction\":[{\"@type\":\"SearchAction\",\"target\":{\"@type\":\"EntryPoint\",\"urlTemplate\":\"https:\\\/\\\/reika-gmbh.de\\\/?s={search_term_string}\"},\"query-input\":{\"@type\":\"PropertyValueSpecification\",\"valueRequired\":true,\"valueName\":\"search_term_string\"}}],\"inLanguage\":\"fr-FR\"}]}<\/script>\n<!-- \/ Yoast SEO plugin. -->","yoast_head_json":{"title":"Tested elastomer technology from Karlsruhe","description":"Faites confiance \u00e0 la technologie \u00e9prouv\u00e9e des \u00e9lastom\u00e8res de Karlsruhe. Demandez d\u00e8s maintenant votre application !","robots":{"index":"index","follow":"follow","max-snippet":"max-snippet:-1","max-image-preview":"max-image-preview:large","max-video-preview":"max-video-preview:-1"},"canonical":"https:\/\/reika-gmbh.de\/fr\/zone-de-telechargement\/","og_locale":"fr_FR","og_type":"article","og_title":"Tested elastomer technology from Karlsruhe","og_description":"Faites confiance \u00e0 la technologie \u00e9prouv\u00e9e des \u00e9lastom\u00e8res de Karlsruhe. Demandez d\u00e8s maintenant votre application !","og_url":"https:\/\/reika-gmbh.de\/fr\/zone-de-telechargement\/","og_site_name":"Reika Elastomertechnik","article_modified_time":"2025-09-12T10:55:44+00:00","og_image":[{"width":2048,"height":1366,"url":"https:\/\/reika-gmbh.de\/wp-content\/uploads\/2022\/02\/www.jensarbogast.de-_AB26367.jpg","type":"image\/jpeg"}],"twitter_card":"summary_large_image","twitter_misc":{"Dur\u00e9e de lecture estim\u00e9e":"3 minutes"},"schema":{"@context":"https:\/\/schema.org","@graph":[{"@type":"WebPage","@id":"https:\/\/reika-gmbh.de\/fr\/zone-de-telechargement\/","url":"https:\/\/reika-gmbh.de\/fr\/zone-de-telechargement\/","name":"Tested elastomer technology from Karlsruhe","isPartOf":{"@id":"https:\/\/reika-gmbh.de\/#website"},"primaryImageOfPage":{"@id":"https:\/\/reika-gmbh.de\/fr\/zone-de-telechargement\/#primaryimage"},"image":{"@id":"https:\/\/reika-gmbh.de\/fr\/zone-de-telechargement\/#primaryimage"},"thumbnailUrl":"https:\/\/reika-gmbh.de\/wp-content\/uploads\/2022\/02\/www.jensarbogast.de-_AB26367.jpg","datePublished":"2022-02-18T17:29:20+00:00","dateModified":"2025-09-12T10:55:44+00:00","description":"Faites confiance \u00e0 la technologie \u00e9prouv\u00e9e des \u00e9lastom\u00e8res de Karlsruhe. Demandez d\u00e8s maintenant votre application !","breadcrumb":{"@id":"https:\/\/reika-gmbh.de\/fr\/zone-de-telechargement\/#breadcrumb"},"inLanguage":"fr-FR","potentialAction":[{"@type":"ReadAction","target":["https:\/\/reika-gmbh.de\/fr\/zone-de-telechargement\/"]}]},{"@type":"ImageObject","inLanguage":"fr-FR","@id":"https:\/\/reika-gmbh.de\/fr\/zone-de-telechargement\/#primaryimage","url":"https:\/\/reika-gmbh.de\/wp-content\/uploads\/2022\/02\/www.jensarbogast.de-_AB26367.jpg","contentUrl":"https:\/\/reika-gmbh.de\/wp-content\/uploads\/2022\/02\/www.jensarbogast.de-_AB26367.jpg","width":2048,"height":1366},{"@type":"BreadcrumbList","@id":"https:\/\/reika-gmbh.de\/fr\/zone-de-telechargement\/#breadcrumb","itemListElement":[{"@type":"ListItem","position":1,"name":"Startseite","item":"https:\/\/reika-gmbh.de\/fr\/nous-moulons-pour-materialiser-votre-fonction\/"},{"@type":"ListItem","position":2,"name":"Zone de t\u00e9l\u00e9chargement"}]},{"@type":"WebSite","@id":"https:\/\/reika-gmbh.de\/#website","url":"https:\/\/reika-gmbh.de\/","name":"Reika Elastomertechnik","description":"Wir Formen f\u00fcr Ihre Funktion.","potentialAction":[{"@type":"SearchAction","target":{"@type":"EntryPoint","urlTemplate":"https:\/\/reika-gmbh.de\/?s={search_term_string}"},"query-input":{"@type":"PropertyValueSpecification","valueRequired":true,"valueName":"search_term_string"}}],"inLanguage":"fr-FR"}]}},"_links":{"self":[{"href":"https:\/\/reika-gmbh.de\/fr\/wp-json\/wp\/v2\/pages\/1034","targetHints":{"allow":["GET"]}}],"collection":[{"href":"https:\/\/reika-gmbh.de\/fr\/wp-json\/wp\/v2\/pages"}],"about":[{"href":"https:\/\/reika-gmbh.de\/fr\/wp-json\/wp\/v2\/types\/page"}],"author":[{"embeddable":true,"href":"https:\/\/reika-gmbh.de\/fr\/wp-json\/wp\/v2\/users\/1"}],"replies":[{"embeddable":true,"href":"https:\/\/reika-gmbh.de\/fr\/wp-json\/wp\/v2\/comments?post=1034"}],"version-history":[{"count":20,"href":"https:\/\/reika-gmbh.de\/fr\/wp-json\/wp\/v2\/pages\/1034\/revisions"}],"predecessor-version":[{"id":1820,"href":"https:\/\/reika-gmbh.de\/fr\/wp-json\/wp\/v2\/pages\/1034\/revisions\/1820"}],"wp:featuredmedia":[{"embeddable":true,"href":"https:\/\/reika-gmbh.de\/fr\/wp-json\/wp\/v2\/media\/821"}],"wp:attachment":[{"href":"https:\/\/reika-gmbh.de\/fr\/wp-json\/wp\/v2\/media?parent=1034"}],"curies":[{"name":"wp","href":"https:\/\/api.w.org\/{rel}","templated":true}]}}